{"id":2542,"date":"2023-03-20T18:39:13","date_gmt":"2023-03-20T18:39:13","guid":{"rendered":"https:\/\/postumo.fr\/?page_id=2542"},"modified":"2023-03-20T18:39:14","modified_gmt":"2023-03-20T18:39:14","slug":"plan-du-site","status":"publish","type":"page","link":"https:\/\/www.postumo.fr\/en\/plan-du-site\/","title":{"rendered":"Plan du site"},"content":{"rendered":"<div class=\"rank-math-html-sitemap\"><div class=\"rank-math-html-sitemap__section rank-math-html-sitemap__section--post-type rank-math-html-sitemap__section--post\"><h2 class=\"rank-math-html-sitemap__title\">Posts<\/h2><ul class=\"rank-math-html-sitemap__list\"><li class=\"rank-math-html-sitemap__item\"><a href=\"https:\/\/www.postumo.fr\/en\/heritage-numerique-cryptomonnaies\/\" class=\"rank-math-html-sitemap__link\">H\u00e9ritage num\u00e9rique : Comment prot\u00e9ger ses donn\u00e9es et l\u00e9guer ses cryptomonnaies ?<\/a> <span class=\"rank-math-html-sitemap__date\">(May 27, 2025)<\/span><\/li><li class=\"rank-math-html-sitemap__item\"><a href=\"https:\/\/www.postumo.fr\/en\/comment-supprimer-un-compte-facebook\/\" class=\"rank-math-html-sitemap__link\">Comment supprimer un compte Facebook ? \u00c9tapes pas \u00e0 pas apr\u00e8s un d\u00e9c\u00e8s<\/a> <span class=\"rank-math-html-sitemap__date\">(April 23, 2025)<\/span><\/li><li class=\"rank-math-html-sitemap__item\"><a href=\"https:\/\/www.postumo.fr\/en\/transmission-intergenerationnelle\/\" class=\"rank-math-html-sitemap__link\">Transmission interg\u00e9n\u00e9rationnelle : comment le conseiller en gestion de patrimoine et Postumo assurent ensemble la continuit\u00e9 du patrimoine familial ?<\/a> <span class=\"rank-math-html-sitemap__date\">(March 12, 2025)<\/span><\/li><li class=\"rank-math-html-sitemap__item\"><a href=\"https:\/\/www.postumo.fr\/en\/ficoba\/\" class=\"rank-math-html-sitemap__link\">FICOBA : Comment retrouver tous les comptes bancaires d&#039;un proche d\u00e9c\u00e9d\u00e9 ?<\/a> <span class=\"rank-math-html-sitemap__date\">(February 12, 2025)<\/span><\/li><li class=\"rank-math-html-sitemap__item\"><a href=\"https:\/\/www.postumo.fr\/en\/transmission-donnees-de-vie\/\" class=\"rank-math-html-sitemap__link\">L\u2019importance d\u2019accompagner ses parents \u00e0 organiser et \u00e0 transmettre leurs donn\u00e9es de vie<\/a> <span class=\"rank-math-html-sitemap__date\">(January 7, 2025)<\/span><\/li><li class=\"rank-math-html-sitemap__item\"><a href=\"https:\/\/www.postumo.fr\/en\/pourquoi-et-comment-rediger-un-testament\/\" class=\"rank-math-html-sitemap__link\">A guide to writing your will: why you need one and how to do it<\/a> <span class=\"rank-math-html-sitemap__date\">(September 9, 2024)<\/span><\/li><li class=\"rank-math-html-sitemap__item\"><a href=\"https:\/\/www.postumo.fr\/en\/quel-capital-deces-pour-un-retraite\/\" class=\"rank-math-html-sitemap__link\">Quel capital d\u00e9c\u00e8s pour un retrait\u00e9 ?<\/a> <span class=\"rank-math-html-sitemap__date\">(May 29, 2024)<\/span><\/li><li class=\"rank-math-html-sitemap__item\"><a href=\"https:\/\/www.postumo.fr\/en\/resiliation-suite-deces\/\" class=\"rank-math-html-sitemap__link\">R\u00e9siliation suite d\u00e9c\u00e8s : quand et comment r\u00e9silier les abonnements apr\u00e8s la perte d\u2019un proche<\/a> <span class=\"rank-math-html-sitemap__date\">(May 22, 2024)<\/span><\/li><li class=\"rank-math-html-sitemap__item\"><a href=\"https:\/\/www.postumo.fr\/en\/succession-pere-decede-mere-vivante\/\" class=\"rank-math-html-sitemap__link\">Succession p\u00e8re d\u00e9c\u00e9d\u00e9 m\u00e8re vivante : \u00e9tapes et conseil<\/a> <span class=\"rank-math-html-sitemap__date\">(May 22, 2024)<\/span><\/li><li class=\"rank-math-html-sitemap__item\"><a href=\"https:\/\/www.postumo.fr\/en\/succession-biens-en-desherence\/\" class=\"rank-math-html-sitemap__link\">L&#039;enjeu des biens en d\u00e9sh\u00e9rence : prot\u00e9gez et transmettez votre patrimoine efficacement<\/a> <span class=\"rank-math-html-sitemap__date\">(March 13, 2024)<\/span><\/li><li class=\"rank-math-html-sitemap__item\"><a href=\"https:\/\/www.postumo.fr\/en\/maintien-a-domicile\/\" class=\"rank-math-html-sitemap__link\">Soutien et autonomie pour vivre chez soi plus longtemps : le maintien \u00e0 domicile pour les seniors<\/a> <span class=\"rank-math-html-sitemap__date\">(February 6, 2024)<\/span><\/li><li class=\"rank-math-html-sitemap__item\"><a href=\"https:\/\/www.postumo.fr\/en\/quels-sont-les-papiers-a-conserver-apres-deces-parents\/\" class=\"rank-math-html-sitemap__link\">Quels sont les papiers \u00e0 conserver apr\u00e8s d\u00e9c\u00e8s des parents ? Guide pratique<\/a> <span class=\"rank-math-html-sitemap__date\">(December 19, 2023)<\/span><\/li><li class=\"rank-math-html-sitemap__item\"><a href=\"https:\/\/www.postumo.fr\/en\/prevoyance-informations-personnelles\/\" class=\"rank-math-html-sitemap__link\">Pr\u00e9voyance : pourquoi et comment permettre \u00e0 mes proches d&#039;h\u00e9riter de mes informations personnelles<\/a> <span class=\"rank-math-html-sitemap__date\">(December 11, 2023)<\/span><\/li><li class=\"rank-math-html-sitemap__item\"><a href=\"https:\/\/www.postumo.fr\/en\/transition-deces-aidant-familial\/\" class=\"rank-math-html-sitemap__link\">D\u00e9c\u00e8s d&#039;un aidant familial : faciliter la transition<\/a> <span class=\"rank-math-html-sitemap__date\">(November 8, 2023)<\/span><\/li><li class=\"rank-math-html-sitemap__item\"><a href=\"https:\/\/www.postumo.fr\/en\/10-raisons-coffre-fort-numerique\/\" class=\"rank-math-html-sitemap__link\">10 bonnes raisons d&#039;avoir un coffre-fort num\u00e9rique personnel s\u00e9curis\u00e9<\/a> <span class=\"rank-math-html-sitemap__date\">(November 3, 2023)<\/span><\/li><li class=\"rank-math-html-sitemap__item\"><a href=\"https:\/\/www.postumo.fr\/en\/parler-de-la-mort-avec-un-parent\/\" class=\"rank-math-html-sitemap__link\">Parler de la mort avec un parent : comment engager la conversation et trouver les mots justes pour ouvrir le dialogue<\/a> <span class=\"rank-math-html-sitemap__date\">(September 26, 2023)<\/span><\/li><li class=\"rank-math-html-sitemap__item\"><a href=\"https:\/\/www.postumo.fr\/en\/capital-deces-cpam\/\" class=\"rank-math-html-sitemap__link\">CPAM Death Grant (French Social Security): everything you need to know<\/a> <span class=\"rank-math-html-sitemap__date\">(July 24, 2023)<\/span><\/li><li class=\"rank-math-html-sitemap__item\"><a href=\"https:\/\/www.postumo.fr\/en\/delai-assurance-vie-apres-deces\/\" class=\"rank-math-html-sitemap__link\">How long does it take to receive life insurance after a death? Timeline, procedures and explanations about life insurance<\/a> <span class=\"rank-math-html-sitemap__date\">(June 6, 2023)<\/span><\/li><li class=\"rank-math-html-sitemap__item\"><a href=\"https:\/\/www.postumo.fr\/en\/qui-prevenir-en-cas-de-deces-dun-retraite\/\" class=\"rank-math-html-sitemap__link\">Qui pr\u00e9venir en cas de d\u00e9c\u00e8s d&#039;un retrait\u00e9 ? Guide des d\u00e9marches et des formalit\u00e9s \u00e0 effectuer apr\u00e8s le d\u00e9c\u00e8s<\/a> <span class=\"rank-math-html-sitemap__date\">(April 19, 2023)<\/span><\/li><li class=\"rank-math-html-sitemap__item\"><a href=\"https:\/\/www.postumo.fr\/en\/les-francais-de-letranger-face-au-deces-dun-proche-en-france\/\" class=\"rank-math-html-sitemap__link\">Les Fran\u00e7ais de l&#039;\u00e9tranger face au d\u00e9c\u00e8s d&#039;un proche en France<\/a> <span class=\"rank-math-html-sitemap__date\">(February 8, 2023)<\/span><\/li><\/ul><\/div><div class=\"rank-math-html-sitemap__section rank-math-html-sitemap__section--post-type rank-math-html-sitemap__section--page\"><h2 class=\"rank-math-html-sitemap__title\">Pages<\/h2><ul class=\"rank-math-html-sitemap__list\"><li class=\"rank-math-html-sitemap__item\"><a href=\"https:\/\/www.postumo.fr\/en\/comparatif-synthetique-des-sauvegardes-dinformations\/\" class=\"rank-math-html-sitemap__link\">Comparatif synth\u00e9tique des sauvegardes d&#039;informations<\/a> <span class=\"rank-math-html-sitemap__date\">(May 21, 2025)<\/span><\/li><li class=\"rank-math-html-sitemap__item\"><a href=\"https:\/\/www.postumo.fr\/en\/comparatif-synthetique-des-solutions-daccompagnement\/\" class=\"rank-math-html-sitemap__link\">Comparatif synth\u00e9tique des solutions d\u2019accompagnement formalit\u00e9s d\u00e9c\u00e8s<\/a> <span class=\"rank-math-html-sitemap__date\">(May 21, 2025)<\/span><\/li><li class=\"rank-math-html-sitemap__item\"><a href=\"https:\/\/www.postumo.fr\/en\/sauvegardez-vos-donnees-de-vie-pour-en-simplifier-la-transmission-et-faciliter-les-demarches-deces\/\" class=\"rank-math-html-sitemap__link\">Securely save your life information to ease transfer and streamline post-death administration.<\/a> <span class=\"rank-math-html-sitemap__date\">(May 16, 2025)<\/span><\/li><li class=\"rank-math-html-sitemap__item\"><a href=\"https:\/\/www.postumo.fr\/en\/page-securite-cryptage\/\" class=\"rank-math-html-sitemap__link\">S\u00e9curit\u00e9 Cryptage Confidentialit\u00e9<\/a> <span class=\"rank-math-html-sitemap__date\">(May 15, 2025)<\/span><\/li><li class=\"rank-math-html-sitemap__item\"><a href=\"https:\/\/www.postumo.fr\/en\/les-evenements-de-postumo\/\" class=\"rank-math-html-sitemap__link\">Les \u00e9v\u00e9nements de Postumo<\/a> <span class=\"rank-math-html-sitemap__date\">(May 12, 2025)<\/span><\/li><li class=\"rank-math-html-sitemap__item\"><a href=\"https:\/\/www.postumo.fr\/en\/evenement-webinar\/\" class=\"rank-math-html-sitemap__link\">Evenement-webinar<\/a> <span class=\"rank-math-html-sitemap__date\">(April 7, 2025)<\/span><\/li><li class=\"rank-math-html-sitemap__item\"><a href=\"https:\/\/www.postumo.fr\/en\/prevoyancelnc\/\" class=\"rank-math-html-sitemap__link\">LNC Pr\u00e9voyance d&#039;informations<\/a> <span class=\"rank-math-html-sitemap__date\">(March 7, 2025)<\/span><\/li><li class=\"rank-math-html-sitemap__item\"><a href=\"https:\/\/www.postumo.fr\/en\/serenite-organisez-vous-et-proteger-vos-proches\/\" class=\"rank-math-html-sitemap__link\">S\u00c9R\u00c9NIT\u00c9, organisez-vous et prot\u00e9ger vos proches<\/a> <span class=\"rank-math-html-sitemap__date\">(March 4, 2025)<\/span><\/li><li class=\"rank-math-html-sitemap__item\"><a href=\"https:\/\/www.postumo.fr\/en\/formaliteslnc\/\" class=\"rank-math-html-sitemap__link\">Assistance Formalit\u00e9s LNC<\/a> <span class=\"rank-math-html-sitemap__date\">(March 3, 2025)<\/span><\/li><li class=\"rank-math-html-sitemap__item\"><a href=\"https:\/\/www.postumo.fr\/en\/legalesnc\/\" class=\"rank-math-html-sitemap__link\">LNC L\u00e9gales Pr\u00e9voyance d&#039;Informations<\/a> <span class=\"rank-math-html-sitemap__date\">(March 3, 2025)<\/span><\/li><li class=\"rank-math-html-sitemap__item\"><a href=\"https:\/\/www.postumo.fr\/en\/livre-blanc-5-etapes\/\" class=\"rank-math-html-sitemap__link\">5 \u00e9tapes simples pour accompagner un parent \u00e0 organiser et transmettre ses donn\u00e9es de vie<\/a> <span class=\"rank-math-html-sitemap__date\">(December 17, 2024)<\/span><\/li><li class=\"rank-math-html-sitemap__item\"><a href=\"https:\/\/www.postumo.fr\/en\/decouvrez-lassistant-postumo\/\" class=\"rank-math-html-sitemap__link\">D\u00e9couvrez l&#039;assistant Postumo<\/a> <span class=\"rank-math-html-sitemap__date\">(September 13, 2024)<\/span><\/li><li class=\"rank-math-html-sitemap__item\"><a href=\"https:\/\/www.postumo.fr\/en\/pro\/\" class=\"rank-math-html-sitemap__link\">Postumo PRO<\/a> <span class=\"rank-math-html-sitemap__date\">(November 15, 2023)<\/span><\/li><li class=\"rank-math-html-sitemap__item\"><a href=\"https:\/\/www.postumo.fr\/en\/documents-a-conserver\/\" class=\"rank-math-html-sitemap__link\">Checklist - Les documents \u00e0 conserver<\/a> <span class=\"rank-math-html-sitemap__date\">(November 13, 2023)<\/span><\/li><li class=\"rank-math-html-sitemap__item\"><a href=\"https:\/\/www.postumo.fr\/en\/checklist-100-questions\/\" class=\"rank-math-html-sitemap__link\">Checklist : 100+ questions pour parler de la mort<\/a> <span class=\"rank-math-html-sitemap__date\">(October 6, 2023)<\/span><\/li><li class=\"rank-math-html-sitemap__item\"><a href=\"https:\/\/www.postumo.fr\/en\/go\/\" class=\"rank-math-html-sitemap__link\">Liens rapides<\/a> <span class=\"rank-math-html-sitemap__date\">(October 3, 2023)<\/span><\/li><li class=\"rank-math-html-sitemap__item\"><a href=\"https:\/\/www.postumo.fr\/en\/newsletter\/\" class=\"rank-math-html-sitemap__link\">Newsletter<\/a> <span class=\"rank-math-html-sitemap__date\">(October 3, 2023)<\/span><\/li><li class=\"rank-math-html-sitemap__item\"><a href=\"https:\/\/www.postumo.fr\/en\/bibliotheque\/\" class=\"rank-math-html-sitemap__link\">Biblioth\u00e8que<\/a> <span class=\"rank-math-html-sitemap__date\">(September 29, 2023)<\/span><\/li><li class=\"rank-math-html-sitemap__item\"><a href=\"https:\/\/www.postumo.fr\/en\/livre-blanc-les-premieres-48-heures\/\" class=\"rank-math-html-sitemap__link\">Livre blanc : Les premi\u00e8res 48 heures<\/a> <span class=\"rank-math-html-sitemap__date\">(September 27, 2023)<\/span><\/li><li class=\"rank-math-html-sitemap__item\"><a href=\"https:\/\/www.postumo.fr\/en\/ressources-externes\/\" class=\"rank-math-html-sitemap__link\">3rd parties resources<\/a> <span class=\"rank-math-html-sitemap__date\">(September 15, 2023)<\/span><\/li><li class=\"rank-math-html-sitemap__item\"><a href=\"https:\/\/www.postumo.fr\/en\/partenaires-postumo\/\" class=\"rank-math-html-sitemap__link\">Partenaires Postumo<\/a> <span class=\"rank-math-html-sitemap__date\">(September 5, 2023)<\/span><\/li><li class=\"rank-math-html-sitemap__item\"><a href=\"https:\/\/www.postumo.fr\/en\/prevoyance-serenite\/\" class=\"rank-math-html-sitemap__link\">S\u00c9R\u00c9NIT\u00c9, organisez-vous et prot\u00e9ger vos proches<\/a> <span class=\"rank-math-html-sitemap__date\">(June 29, 2023)<\/span><\/li><li class=\"rank-math-html-sitemap__item\"><a href=\"https:\/\/www.postumo.fr\/en\/nous-contacter\/\" class=\"rank-math-html-sitemap__link\">Feel free to contact us<\/a> <span class=\"rank-math-html-sitemap__date\">(June 22, 2023)<\/span><\/li><li class=\"rank-math-html-sitemap__item\"><a href=\"https:\/\/www.postumo.fr\/en\/\" class=\"rank-math-html-sitemap__link\">Securely save your life information to ease transfer and streamline post-death administration.<\/a> <span class=\"rank-math-html-sitemap__date\">(June 6, 2023)<\/span><\/li><li class=\"rank-math-html-sitemap__item\"><a href=\"https:\/\/www.postumo.fr\/en\/demarches-apres-deces-essentielle\/\" class=\"rank-math-html-sitemap__link\">Formule Essentielle, accompagnement aux d\u00e9marches apr\u00e8s d\u00e9c\u00e8s<\/a> <span class=\"rank-math-html-sitemap__date\">(May 22, 2023)<\/span><\/li><li class=\"rank-math-html-sitemap__item\"><a href=\"https:\/\/www.postumo.fr\/en\/politique-de-cookies\/\" class=\"rank-math-html-sitemap__link\">Politique de cookies<\/a> <span class=\"rank-math-html-sitemap__date\">(March 21, 2023)<\/span><\/li><li class=\"rank-math-html-sitemap__item\"><a href=\"https:\/\/www.postumo.fr\/en\/plan-du-site\/\" class=\"rank-math-html-sitemap__link\">Plan du site<\/a> <span class=\"rank-math-html-sitemap__date\">(March 20, 2023)<\/span><\/li><li class=\"rank-math-html-sitemap__item\"><a href=\"https:\/\/www.postumo.fr\/en\/avantages\/\" class=\"rank-math-html-sitemap__link\">Avantages<\/a> <span class=\"rank-math-html-sitemap__date\">(February 16, 2023)<\/span><\/li><li class=\"rank-math-html-sitemap__item\"><a href=\"https:\/\/www.postumo.fr\/en\/politique-de-confidentialite\/\" class=\"rank-math-html-sitemap__link\">Politique de confidentialit\u00e9<\/a> <span class=\"rank-math-html-sitemap__date\">(February 16, 2023)<\/span><\/li><li class=\"rank-math-html-sitemap__item\"><a href=\"https:\/\/www.postumo.fr\/en\/cgvu\/\" class=\"rank-math-html-sitemap__link\">Conditions g\u00e9n\u00e9rales de vente et d&#039;utilisation<\/a> <span class=\"rank-math-html-sitemap__date\">(February 16, 2023)<\/span><\/li><li class=\"rank-math-html-sitemap__item\"><a href=\"https:\/\/www.postumo.fr\/en\/demarches-administratives-deces\/\" class=\"rank-math-html-sitemap__link\">Respect the administrations' timetable<\/a> <span class=\"rank-math-html-sitemap__date\">(February 14, 2023)<\/span><\/li><li class=\"rank-math-html-sitemap__item\"><a href=\"https:\/\/www.postumo.fr\/en\/qui-prevenir-en-cas-de-deces\/\" class=\"rank-math-html-sitemap__link\">Inventory to know what to do and who to notify in the event of death<\/a> <span class=\"rank-math-html-sitemap__date\">(February 14, 2023)<\/span><\/li><li class=\"rank-math-html-sitemap__item\"><a href=\"https:\/\/www.postumo.fr\/en\/que-faire-en-cas-de-deces\/\" class=\"rank-math-html-sitemap__link\">What are the timeframes and deadlines for these formalities?<\/a> <span class=\"rank-math-html-sitemap__date\">(February 14, 2023)<\/span><\/li><li class=\"rank-math-html-sitemap__item\"><a href=\"https:\/\/www.postumo.fr\/en\/glossaire\/\" class=\"rank-math-html-sitemap__link\">Glossary<\/a> <span class=\"rank-math-html-sitemap__date\">(February 14, 2023)<\/span><\/li><li class=\"rank-math-html-sitemap__item\"><a href=\"https:\/\/www.postumo.fr\/en\/faq\/\" class=\"rank-math-html-sitemap__link\">FAQ<\/a> <span class=\"rank-math-html-sitemap__date\">(February 14, 2023)<\/span><\/li><li class=\"rank-math-html-sitemap__item\"><a href=\"https:\/\/www.postumo.fr\/en\/organismes-a-prevenir-deces\/\" class=\"rank-math-html-sitemap__link\">List of organizations to notify in the event of death and individualization of procedures<\/a> <span class=\"rank-math-html-sitemap__date\">(February 14, 2023)<\/span><\/li><li class=\"rank-math-html-sitemap__item\"><a href=\"https:\/\/www.postumo.fr\/en\/allocation-deces\/\" class=\"rank-math-html-sitemap__link\">Detect a death benefit and eligible social or financial assistance<\/a> <span class=\"rank-math-html-sitemap__date\">(February 14, 2023)<\/span><\/li><li class=\"rank-math-html-sitemap__item\"><a href=\"https:\/\/www.postumo.fr\/en\/formalites-apres-deces\/\" class=\"rank-math-html-sitemap__link\">Automatic preparation of formalities<\/a> <span class=\"rank-math-html-sitemap__date\">(February 14, 2023)<\/span><\/li><li class=\"rank-math-html-sitemap__item\"><a href=\"https:\/\/www.postumo.fr\/en\/aide-formalites-apres-deces\/\" class=\"rank-math-html-sitemap__link\">Aide formalit\u00e9s apr\u00e8s d\u00e9c\u00e8s<\/a> <span class=\"rank-math-html-sitemap__date\">(February 14, 2023)<\/span><\/li><li class=\"rank-math-html-sitemap__item\"><a href=\"https:\/\/www.postumo.fr\/en\/articles\/\" class=\"rank-math-html-sitemap__link\">Articles<\/a> <span class=\"rank-math-html-sitemap__date\">(February 8, 2023)<\/span><\/li><li class=\"rank-math-html-sitemap__item\"><a href=\"https:\/\/www.postumo.fr\/en\/a-propos\/\" class=\"rank-math-html-sitemap__link\">About us<\/a> <span class=\"rank-math-html-sitemap__date\">(February 8, 2023)<\/span><\/li><\/ul><\/div><div class=\"rank-math-html-sitemap__section rank-math-html-sitemap__section--taxonomy rank-math-html-sitemap__section--category\"><h2 class=\"rank-math-html-sitemap__title\">Categories<\/h2><ul class=\"rank-math-html-sitemap__list\"><li class=\"rank-math-html-sitemap__item\"><a href=\"https:\/\/www.postumo.fr\/en\/aides-financieres\/\" class=\"rank-math-html-sitemap__link\">Aides financi\u00e8res<\/a><ul class=\"rank-math-html-sitemap__list\"><li class=\"rank-math-html-sitemap__item\"><a href=\"https:\/\/www.postumo.fr\/en\/aides-financieres\/capital-deces\/\" class=\"rank-math-html-sitemap__link\">Capital d\u00e9c\u00e8s<\/a><\/li><\/ul><\/li><li class=\"rank-math-html-sitemap__item\"><a href=\"https:\/\/www.postumo.fr\/en\/anticipation\/\" class=\"rank-math-html-sitemap__link\">Anticipation<\/a><ul class=\"rank-math-html-sitemap__list\"><li class=\"rank-math-html-sitemap__item\"><a href=\"https:\/\/www.postumo.fr\/en\/anticipation\/testament\/\" class=\"rank-math-html-sitemap__link\">Testament<\/a><\/li><li class=\"rank-math-html-sitemap__item\"><a href=\"https:\/\/www.postumo.fr\/en\/anticipation\/sauvegarde-des-donnees-personnelles\/\" class=\"rank-math-html-sitemap__link\">Sauvegarde des donn\u00e9es personnelles<\/a><\/li><li class=\"rank-math-html-sitemap__item\"><a href=\"https:\/\/www.postumo.fr\/en\/anticipation\/aide-a-la-personne\/\" class=\"rank-math-html-sitemap__link\">Aide \u00e0 la personne<\/a><\/li><\/ul><\/li><li class=\"rank-math-html-sitemap__item\"><a href=\"https:\/\/www.postumo.fr\/en\/conseils\/\" class=\"rank-math-html-sitemap__link\">Insight<\/a><\/li><li class=\"rank-math-html-sitemap__item\"><a href=\"https:\/\/www.postumo.fr\/en\/demarches-apres-deces\/\" class=\"rank-math-html-sitemap__link\">D\u00e9marches apr\u00e8s d\u00e9c\u00e8s<\/a><ul class=\"rank-math-html-sitemap__list\"><li class=\"rank-math-html-sitemap__item\"><a href=\"https:\/\/www.postumo.fr\/en\/demarches-apres-deces\/deuil\/\" class=\"rank-math-html-sitemap__link\">Deuil<\/a><\/li><li class=\"rank-math-html-sitemap__item\"><a href=\"https:\/\/www.postumo.fr\/en\/demarches-apres-deces\/cout-des-obseques\/\" class=\"rank-math-html-sitemap__link\">Co\u00fbt des obs\u00e8ques<\/a><\/li><li class=\"rank-math-html-sitemap__item\"><a href=\"https:\/\/www.postumo.fr\/en\/demarches-apres-deces\/succession\/\" class=\"rank-math-html-sitemap__link\">Succession<\/a><\/li><li class=\"rank-math-html-sitemap__item\"><a href=\"https:\/\/www.postumo.fr\/en\/demarches-apres-deces\/assurance-vie\/\" class=\"rank-math-html-sitemap__link\">Assurance vie<\/a><\/li><li class=\"rank-math-html-sitemap__item\"><a href=\"https:\/\/www.postumo.fr\/en\/demarches-apres-deces\/formalites-administratives-deces\/\" class=\"rank-math-html-sitemap__link\">Formalit\u00e9s administratives d\u00e9c\u00e8s<\/a><\/li><\/ul><\/li><li class=\"rank-math-html-sitemap__item\"><a href=\"https:\/\/www.postumo.fr\/en\/gestion-de-patrimoine\/\" class=\"rank-math-html-sitemap__link\">Gestion de patrimoine<\/a><\/li><li class=\"rank-math-html-sitemap__item\"><a href=\"https:\/\/www.postumo.fr\/en\/international\/\" class=\"rank-math-html-sitemap__link\">International<\/a><\/li><li class=\"rank-math-html-sitemap__item\"><a href=\"https:\/\/www.postumo.fr\/en\/retraites\/\" class=\"rank-math-html-sitemap__link\">Retrait\u00e9s<\/a><\/li><\/ul><\/div><\/div>\n<span class=\"et_bloom_bottom_trigger\"><\/span>","protected":false},"excerpt":{"rendered":"","protected":false},"author":1,"featured_media":0,"parent":0,"menu_order":0,"comment_status":"closed","ping_status":"closed","template":"","meta":{"_eb_attr":"","content-type":"","footnotes":""},"class_list":["post-2542","page","type-page","status-publish","hentry"],"blocksy_meta":[],"_links":{"self":[{"href":"https:\/\/www.postumo.fr\/en\/wp-json\/wp\/v2\/pages\/2542","targetHints":{"allow":["GET"]}}],"collection":[{"href":"https:\/\/www.postumo.fr\/en\/wp-json\/wp\/v2\/pages"}],"about":[{"href":"https:\/\/www.postumo.fr\/en\/wp-json\/wp\/v2\/types\/page"}],"author":[{"embeddable":true,"href":"https:\/\/www.postumo.fr\/en\/wp-json\/wp\/v2\/users\/1"}],"replies":[{"embeddable":true,"href":"https:\/\/www.postumo.fr\/en\/wp-json\/wp\/v2\/comments?post=2542"}],"version-history":[{"count":1,"href":"https:\/\/www.postumo.fr\/en\/wp-json\/wp\/v2\/pages\/2542\/revisions"}],"predecessor-version":[{"id":2543,"href":"https:\/\/www.postumo.fr\/en\/wp-json\/wp\/v2\/pages\/2542\/revisions\/2543"}],"wp:attachment":[{"href":"https:\/\/www.postumo.fr\/en\/wp-json\/wp\/v2\/media?parent=2542"}],"curies":[{"name":"wp","href":"https:\/\/api.w.org\/{rel}","templated":true}]}}